{"id":3,"date":"2025-04-29T10:13:58","date_gmt":"2025-04-29T10:13:58","guid":{"rendered":"https:\/\/broesemann-immo.comfort-systems.dev\/?page_id=3"},"modified":"2025-06-30T07:20:08","modified_gmt":"2025-06-30T07:20:08","slug":"privacy-policy","status":"publish","type":"page","link":"https:\/\/broesemann-immo.comfort-systems.dev\/?page_id=3","title":{"rendered":"Impressum"},"content":{"rendered":"<p data-start=\"126\" data-end=\"205\"><strong data-start=\"126\" data-end=\"166\">Immobiliengesellschaft Br\u00f6semann mbH<\/strong><br data-start=\"166\" data-end=\"169\" \/>Schulstra\u00dfe 17<br data-start=\"183\" data-end=\"186\" \/>17373 Ueckerm\u00fcnde<\/p>\n<p data-start=\"207\" data-end=\"284\"><strong data-start=\"207\" data-end=\"218\">E-Mail:<\/strong> <a class=\"\" href=\"mailto:kontakt@broesemann-immobilien.de\" rel=\"noopener\" data-start=\"219\" data-end=\"251\">kontakt@broesemann-immobilien.de<\/a><br data-start=\"251\" data-end=\"254\" \/><strong data-start=\"254\" data-end=\"266\">Telefon:<\/strong> +49 163 6363900<\/p>\n<p data-start=\"286\" data-end=\"445\"><strong data-start=\"286\" data-end=\"314\">Vertretungsberechtigter:<\/strong> Torsten Br\u00f6semann<br data-start=\"332\" data-end=\"335\" \/><strong data-start=\"335\" data-end=\"362\">Berufsaufsichtsbeh\u00f6rde:<\/strong> Stadt Ueckerm\u00fcnde \u2013 Bau- und Ordnungsamt<br data-start=\"403\" data-end=\"406\" \/><strong data-start=\"406\" data-end=\"427\">Gewerbeerlaubnis:<\/strong> nach \u00a7 34c GewO<\/p>\n<p data-start=\"447\" data-end=\"534\"><strong data-start=\"447\" data-end=\"467\">Handelsregister:<\/strong> Amtsgericht Neubrandenburg<br data-start=\"494\" data-end=\"497\" \/><strong data-start=\"497\" data-end=\"523\">Handelsregisternummer:<\/strong> HRB 7371<\/p>\n<p data-start=\"536\" data-end=\"597\"><strong data-start=\"536\" data-end=\"550\">Finanzamt:<\/strong> Greifswald<br data-start=\"561\" data-end=\"564\" \/><strong data-start=\"564\" data-end=\"581\">Steuernummer:<\/strong> 084\/111\/02107<\/p>\n<hr data-start=\"599\" data-end=\"602\" \/>\n<p data-start=\"604\" data-end=\"922\"><strong data-start=\"604\" data-end=\"666\">Verbraucherinformation gem\u00e4\u00df Verordnung (EU) Nr. 524\/2013:<\/strong><br data-start=\"666\" data-end=\"669\" \/>Im Rahmen der Verordnung \u00fcber Online-Streitbeilegung zu Verbraucherangelegenheiten steht Ihnen unter<br data-start=\"769\" data-end=\"772\" \/>\ud83d\udc49 <a class=\"\" href=\"http:\/\/ec.europa.eu\/consumers\/odr\/\" target=\"_new\" rel=\"noopener\" data-start=\"775\" data-end=\"847\">http:\/\/ec.europa.eu\/consumers\/odr\/<\/a><br data-start=\"847\" data-end=\"850\" \/>eine Online-Streitbeilegungsplattform der EU-Kommission zur Verf\u00fcgung.<\/p>\n<p data-start=\"924\" data-end=\"976\">Kontakt per E-Mail: <a class=\"\" href=\"mailto:kontakt@broesemann-immobilien.de\" rel=\"noopener\" data-start=\"944\" data-end=\"976\">kontakt@broesemann-immobilien.de<\/a><\/p>\n","protected":false},"excerpt":{"rendered":"<p>Immobiliengesellschaft Br\u00f6semann mbHSchulstra\u00dfe 1717373 Ueckerm\u00fcnde E-Mail: kontakt@broesemann-immobilien.deTelefon: +49 163 6363900  [&#8230;]<\/p>\n","protected":false},"author":1,"featured_media":0,"parent":0,"menu_order":0,"comment_status":"closed","ping_status":"open","template":"","meta":{"footnotes":""},"class_list":["post-3","page","type-page","status-publish","hentry"],"_links":{"self":[{"href":"https:\/\/broesemann-immo.comfort-systems.dev\/index.php?rest_route=\/wp\/v2\/pages\/3","targetHints":{"allow":["GET"]}}],"collection":[{"href":"https:\/\/broesemann-immo.comfort-systems.dev\/index.php?rest_route=\/wp\/v2\/pages"}],"about":[{"href":"https:\/\/broesemann-immo.comfort-systems.dev\/index.php?rest_route=\/wp\/v2\/types\/page"}],"author":[{"embeddable":true,"href":"https:\/\/broesemann-immo.comfort-systems.dev\/index.php?rest_route=\/wp\/v2\/users\/1"}],"replies":[{"embeddable":true,"href":"https:\/\/broesemann-immo.comfort-systems.dev\/index.php?rest_route=%2Fwp%2Fv2%2Fcomments&post=3"}],"version-history":[{"count":2,"href":"https:\/\/broesemann-immo.comfort-systems.dev\/index.php?rest_route=\/wp\/v2\/pages\/3\/revisions"}],"predecessor-version":[{"id":2513,"href":"https:\/\/broesemann-immo.comfort-systems.dev\/index.php?rest_route=\/wp\/v2\/pages\/3\/revisions\/2513"}],"wp:attachment":[{"href":"https:\/\/broesemann-immo.comfort-systems.dev\/index.php?rest_route=%2Fwp%2Fv2%2Fmedia&parent=3"}],"curies":[{"name":"wp","href":"https:\/\/api.w.org\/{rel}","templated":true}]}}